{"id":49,"date":"2014-12-13T17:17:07","date_gmt":"2014-12-13T15:17:07","guid":{"rendered":"http:\/\/web906.login-17.loginserver.ch\/wordpress\/?page_id=49"},"modified":"2019-12-26T14:49:55","modified_gmt":"2019-12-26T13:49:55","slug":"pvc","status":"publish","type":"page","link":"https:\/\/www.gempeler-sigriswil.ch\/?page_id=49","title":{"rendered":"Design-Bel\u00e4ge"},"content":{"rendered":"<div class=\"panel-grid\" id=\"pg-49-0\" ><div class=\"panel-grid-cell\" id=\"pgc-49-0-0\" ><div class=\"panel widget widget_cyclone-slider-widget panel-first-child panel-last-child\" id=\"panel-49-0-0-0\"><div tabindex=\"0\" class=\"cycloneslider cycloneslider-template-standard cycloneslider-width-responsive\" id=\"cycloneslider-pvc-1\" style=\"max-width:1012px\" > <div class=\"cycloneslider-slides cycle-slideshow\" data-cycle-allow-wrap=\"true\" data-cycle-dynamic-height=\"off\" data-cycle-auto-height=\"1012:450\" data-cycle-auto-height-easing=\"null\" data-cycle-auto-height-speed=\"250\" data-cycle-delay=\"0\" data-cycle-easing=\"\" data-cycle-fx=\"fade\" data-cycle-hide-non-active=\"true\" data-cycle-log=\"false\" data-cycle-next=\"#cycloneslider-pvc-1 .cycloneslider-next\" data-cycle-pager=\"#cycloneslider-pvc-1 .cycloneslider-pager\" data-cycle-pause-on-hover=\"true\" data-cycle-prev=\"#cycloneslider-pvc-1 .cycloneslider-prev\" data-cycle-slides=\"&gt; div\" data-cycle-speed=\"1000\" data-cycle-swipe=\"1\" data-cycle-tile-count=\"7\" data-cycle-tile-delay=\"100\" data-cycle-tile-vertical=\"true\" data-cycle-timeout=\"4000\" > <div class=\"cycloneslider-slide cycloneslider-slide-image\" > <img decoding=\"async\" src=\"https:\/\/www.gempeler-sigriswil.ch\/wp-content\/uploads\/2020\/04\/2020-6-1012x450.jpg\" alt=\"\" title=\"\" \/> <\/div> <div class=\"cycloneslider-slide cycloneslider-slide-image\" > <img decoding=\"async\" src=\"https:\/\/www.gempeler-sigriswil.ch\/wp-content\/uploads\/2020\/04\/2020-16-1012x450.jpg\" alt=\"\" title=\"\" \/> <\/div> <div class=\"cycloneslider-slide cycloneslider-slide-image\" > <img decoding=\"async\" src=\"https:\/\/www.gempeler-sigriswil.ch\/wp-content\/uploads\/2020\/04\/2020-8-1-1012x450.jpg\" alt=\"\" title=\"\" \/> <\/div> <div class=\"cycloneslider-slide cycloneslider-slide-image\" > <img decoding=\"async\" src=\"https:\/\/www.gempeler-sigriswil.ch\/wp-content\/uploads\/2020\/04\/2020-4-1-1012x450.jpg\" alt=\"\" title=\"\" \/> <\/div> <\/div> <div class=\"cycloneslider-pager\"><\/div> <a href=\"#\" class=\"cycloneslider-prev\"> <span class=\"arrow\"><\/span> <\/a> <a href=\"#\" class=\"cycloneslider-next\"> <span class=\"arrow\"><\/span> <\/a> <\/div><\/div><\/div><\/div><div class=\"panel-grid\" id=\"pg-49-1\" ><div class=\"panel-grid-cell\" id=\"pgc-49-1-0\" ><div class=\"panel widget widget_text panel-first-child panel-last-child\" id=\"panel-49-1-0-0\">\t\t\t<div class=\"textwidget\"><p>Elastische Bodenbel\u00e4ge bestehen aus Kunststoff, sie sind pflegeleicht, langlebig, strapazierf\u00e4hig und Dank der unterschiedlichen Muster und Oberfl\u00e4chenstrukturen vielseitig einsetzbar. Sie eignen sich f\u00fcr K\u00fcchen, Eingangsbereiche, Badezimmer, Wohnr\u00e4ume oder Gewerber\u00e4ume. Elastische Bodenbel\u00e4ge sind als Bahnenware, Platten oder Planken zum Verkleben oder als Click-Belag erh\u00e4ltlich.<\/p>\n\n<p>Vorteile von Elastischen Bel\u00e4gen:<\/p>\n<ul>\n\t<li><strong> Pflegeleicht<\/strong><\/li>\n\t<li><strong> sehr strapazierf\u00e4hig<\/strong><\/li>\n\t<li><strong> vielseitig einsetzbar<\/strong><\/li>\n\t<li><strong> geeignet f\u00fcr Nasszellen<\/strong><\/li>\n<\/ul><\/div>\n\t\t<\/div><\/div><\/div>","protected":false},"excerpt":{"rendered":"<p>Elastische Bodenbel\u00e4ge bestehen aus Kunststoff, sie sind pflegeleicht, langlebig, strapazierf\u00e4hig und Dank der unterschiedlichen Muster und Oberfl\u00e4chenstrukturen vielseitig einsetzbar. Sie eignen sich f\u00fcr K\u00fcchen, Eingangsbereiche, Badezimmer, Wohnr\u00e4ume oder Gewerber\u00e4ume. Elastische Bodenbel\u00e4ge sind als Bahnenware, Platten oder Planken zum Verkleben oder&#8230;<br \/><a class=\"read-more-button\" href=\"https:\/\/www.gempeler-sigriswil.ch\/?page_id=49\">Mehr Lesen<\/a><\/p>\n","protected":false},"author":1,"featured_media":0,"parent":41,"menu_order":0,"comment_status":"closed","ping_status":"open","template":"","meta":{"footnotes":""},"class_list":["post-49","page","type-page","status-publish","hentry"],"_links":{"self":[{"href":"https:\/\/www.gempeler-sigriswil.ch\/index.php?rest_route=\/wp\/v2\/pages\/49","targetHints":{"allow":["GET"]}}],"collection":[{"href":"https:\/\/www.gempeler-sigriswil.ch\/index.php?rest_route=\/wp\/v2\/pages"}],"about":[{"href":"https:\/\/www.gempeler-sigriswil.ch\/index.php?rest_route=\/wp\/v2\/types\/page"}],"author":[{"embeddable":true,"href":"https:\/\/www.gempeler-sigriswil.ch\/index.php?rest_route=\/wp\/v2\/users\/1"}],"replies":[{"embeddable":true,"href":"https:\/\/www.gempeler-sigriswil.ch\/index.php?rest_route=%2Fwp%2Fv2%2Fcomments&post=49"}],"version-history":[{"count":7,"href":"https:\/\/www.gempeler-sigriswil.ch\/index.php?rest_route=\/wp\/v2\/pages\/49\/revisions"}],"predecessor-version":[{"id":433,"href":"https:\/\/www.gempeler-sigriswil.ch\/index.php?rest_route=\/wp\/v2\/pages\/49\/revisions\/433"}],"up":[{"embeddable":true,"href":"https:\/\/www.gempeler-sigriswil.ch\/index.php?rest_route=\/wp\/v2\/pages\/41"}],"wp:attachment":[{"href":"https:\/\/www.gempeler-sigriswil.ch\/index.php?rest_route=%2Fwp%2Fv2%2Fmedia&parent=49"}],"curies":[{"name":"wp","href":"https:\/\/api.w.org\/{rel}","templated":true}]}}