{"id":43,"date":"2014-12-13T16:16:41","date_gmt":"2014-12-13T15:16:41","guid":{"rendered":"http:\/\/web906.login-17.loginserver.ch\/wordpress\/?page_id=43"},"modified":"2019-12-26T14:51:23","modified_gmt":"2019-12-26T13:51:23","slug":"linoleum","status":"publish","type":"page","link":"https:\/\/www.gempeler-sigriswil.ch\/?page_id=43","title":{"rendered":"Linoleum"},"content":{"rendered":"<div class=\"panel-grid\" id=\"pg-43-0\" ><div class=\"panel-grid-cell\" id=\"pgc-43-0-0\" ><div class=\"panel widget widget_cyclone-slider-widget panel-first-child panel-last-child\" id=\"panel-43-0-0-0\"><div tabindex=\"0\" class=\"cycloneslider cycloneslider-template-standard cycloneslider-width-responsive\" id=\"cycloneslider-linoleum-1\" style=\"max-width:1012px\" > <div class=\"cycloneslider-slides cycle-slideshow\" data-cycle-allow-wrap=\"true\" data-cycle-dynamic-height=\"off\" data-cycle-auto-height=\"1012:450\" data-cycle-auto-height-easing=\"null\" data-cycle-auto-height-speed=\"250\" data-cycle-delay=\"0\" data-cycle-easing=\"\" data-cycle-fx=\"fade\" data-cycle-hide-non-active=\"true\" data-cycle-log=\"false\" data-cycle-next=\"#cycloneslider-linoleum-1 .cycloneslider-next\" data-cycle-pager=\"#cycloneslider-linoleum-1 .cycloneslider-pager\" data-cycle-pause-on-hover=\"true\" data-cycle-prev=\"#cycloneslider-linoleum-1 .cycloneslider-prev\" data-cycle-slides=\"&gt; div\" data-cycle-speed=\"1000\" data-cycle-swipe=\"1\" data-cycle-tile-count=\"7\" data-cycle-tile-delay=\"100\" data-cycle-tile-vertical=\"true\" data-cycle-timeout=\"4000\" > <div class=\"cycloneslider-slide cycloneslider-slide-image\" > <img decoding=\"async\" src=\"https:\/\/www.gempeler-sigriswil.ch\/wp-content\/uploads\/2015\/06\/Lino-F\u00e4cher-1012x450.jpg\" alt=\"\" title=\"\" \/> <\/div> <div class=\"cycloneslider-slide cycloneslider-slide-image\" > <img decoding=\"async\" src=\"https:\/\/www.gempeler-sigriswil.ch\/wp-content\/uploads\/2015\/06\/Lino-Fisch1-1012x450.png\" alt=\"\" title=\"\" \/> <\/div> <div class=\"cycloneslider-slide cycloneslider-slide-image\" > <img decoding=\"async\" src=\"https:\/\/www.gempeler-sigriswil.ch\/wp-content\/uploads\/2015\/06\/Lino-SW-1012x450.png\" alt=\"\" title=\"\" \/> <\/div> <div class=\"cycloneslider-slide cycloneslider-slide-image\" > <img decoding=\"async\" src=\"https:\/\/www.gempeler-sigriswil.ch\/wp-content\/uploads\/2015\/06\/Lino-4-1012x450.png\" alt=\"\" title=\"\" \/> <\/div> <\/div> <div class=\"cycloneslider-pager\"><\/div> <a href=\"#\" class=\"cycloneslider-prev\"> <span class=\"arrow\"><\/span> <\/a> <a href=\"#\" class=\"cycloneslider-next\"> <span class=\"arrow\"><\/span> <\/a> <\/div><\/div><\/div><\/div><div class=\"panel-grid\" id=\"pg-43-1\" ><div class=\"panel-grid-cell\" id=\"pgc-43-1-0\" ><div class=\"panel widget widget_text panel-first-child panel-last-child\" id=\"panel-43-1-0-0\">\t\t\t<div class=\"textwidget\"><p>Linoleum besteht zu 100% aus mineralischen und organischen Rohstoffen von denen \u00fcber 80% nachwachsend sind, deshalb geniesst das Linoleum den Ruf als umweltfreundlichster elastischer Bodenbelag. Der Anwendungsbereich von Linoleum ist vielseitig und reicht vom privaten Wohnbereich \u00fcber Spit\u00e4ler bis hin zu \u00f6ffentlichen Geb\u00e4uden.<\/p>\n\n<p>Vorteile von Linoleum:<\/p>\n<ul>\n<li>Best\u00e4ndig gegen Desinfektionsmittel<\/li>\n<li>Rutschhemmend<\/li>\n<li>widerstandsf\u00e4hig gegen\u00fcber Abnutzung<\/li>\n<li>von Natur aus bakteriostatisch und antistatisch<\/li>\n<ul><\/div>\n\t\t<\/div><\/div><\/div>","protected":false},"excerpt":{"rendered":"<p>Linoleum besteht zu 100% aus mineralischen und organischen Rohstoffen von denen \u00fcber 80% nachwachsend sind, deshalb geniesst das Linoleum den Ruf als umweltfreundlichster elastischer Bodenbelag. Der Anwendungsbereich von Linoleum ist vielseitig und reicht vom privaten Wohnbereich \u00fcber Spit\u00e4ler bis hin&#8230;<br \/><a class=\"read-more-button\" href=\"https:\/\/www.gempeler-sigriswil.ch\/?page_id=43\">Mehr Lesen<\/a><\/p>\n","protected":false},"author":1,"featured_media":0,"parent":41,"menu_order":0,"comment_status":"closed","ping_status":"closed","template":"","meta":{"footnotes":""},"class_list":["post-43","page","type-page","status-publish","hentry"],"_links":{"self":[{"href":"https:\/\/www.gempeler-sigriswil.ch\/index.php?rest_route=\/wp\/v2\/pages\/43","targetHints":{"allow":["GET"]}}],"collection":[{"href":"https:\/\/www.gempeler-sigriswil.ch\/index.php?rest_route=\/wp\/v2\/pages"}],"about":[{"href":"https:\/\/www.gempeler-sigriswil.ch\/index.php?rest_route=\/wp\/v2\/types\/page"}],"author":[{"embeddable":true,"href":"https:\/\/www.gempeler-sigriswil.ch\/index.php?rest_route=\/wp\/v2\/users\/1"}],"replies":[{"embeddable":true,"href":"https:\/\/www.gempeler-sigriswil.ch\/index.php?rest_route=%2Fwp%2Fv2%2Fcomments&post=43"}],"version-history":[{"count":5,"href":"https:\/\/www.gempeler-sigriswil.ch\/index.php?rest_route=\/wp\/v2\/pages\/43\/revisions"}],"predecessor-version":[{"id":403,"href":"https:\/\/www.gempeler-sigriswil.ch\/index.php?rest_route=\/wp\/v2\/pages\/43\/revisions\/403"}],"up":[{"embeddable":true,"href":"https:\/\/www.gempeler-sigriswil.ch\/index.php?rest_route=\/wp\/v2\/pages\/41"}],"wp:attachment":[{"href":"https:\/\/www.gempeler-sigriswil.ch\/index.php?rest_route=%2Fwp%2Fv2%2Fmedia&parent=43"}],"curies":[{"name":"wp","href":"https:\/\/api.w.org\/{rel}","templated":true}]}}