{"id":41,"date":"2014-12-13T16:16:32","date_gmt":"2014-12-13T15:16:32","guid":{"rendered":"http:\/\/web906.login-17.loginserver.ch\/wordpress\/?page_id=41"},"modified":"2015-01-10T18:55:26","modified_gmt":"2015-01-10T17:55:26","slug":"bodenbelaege","status":"publish","type":"page","link":"https:\/\/www.gempeler-sigriswil.ch\/?page_id=41","title":{"rendered":"Bodenbel\u00e4ge"},"content":{"rendered":"<p><img loading=\"lazy\" decoding=\"async\" class=\" size-medium wp-image-98 alignright\" src=\"http:\/\/web906.login-17.loginserver.ch\/wordpress\/wp-content\/uploads\/2014\/12\/P1030131-225x300.jpg\" alt=\"P1030131\" width=\"225\" height=\"300\" data-id=\"98\" srcset=\"https:\/\/www.gempeler-sigriswil.ch\/wp-content\/uploads\/2014\/12\/P1030131-225x300.jpg 225w, https:\/\/www.gempeler-sigriswil.ch\/wp-content\/uploads\/2014\/12\/P1030131-768x1024.jpg 768w, https:\/\/www.gempeler-sigriswil.ch\/wp-content\/uploads\/2014\/12\/P1030131-956x1275.jpg 956w\" sizes=\"auto, (max-width: 225px) 100vw, 225px\" \/>Von der fachgerechten Untergrundvorbereitung \u00fcber die saubere Verlegung des Bodenbelages bis zur Pflege und Nachbehandlung.\u00a0In unserem Gesch\u00e4ft verf\u00fcgen wir \u00fcber eine grosse Auswahl an Musterkollektionen von Parkett, Elastischen Bodenbel\u00e4gen und Textilen Bodenbel\u00e4gen.<\/p>\n<p>Gerne \u00dcbernehmen wir f\u00fcr Sie auch die Bauleitung kleinerer Projekte oder Renovationen.<\/p>\n","protected":false},"excerpt":{"rendered":"<p>Von der fachgerechten Untergrundvorbereitung \u00fcber die saubere Verlegung des Bodenbelages bis zur Pflege und Nachbehandlung.\u00a0In unserem Gesch\u00e4ft verf\u00fcgen wir \u00fcber eine grosse Auswahl an Musterkollektionen von Parkett, Elastischen Bodenbel\u00e4gen und Textilen Bodenbel\u00e4gen. Gerne \u00dcbernehmen wir f\u00fcr Sie auch die Bauleitung&#8230;<br \/><a class=\"read-more-button\" href=\"https:\/\/www.gempeler-sigriswil.ch\/?page_id=41\">Mehr Lesen<\/a><\/p>\n","protected":false},"author":1,"featured_media":0,"parent":0,"menu_order":1,"comment_status":"closed","ping_status":"closed","template":"","meta":{"footnotes":""},"class_list":["post-41","page","type-page","status-publish","hentry"],"_links":{"self":[{"href":"https:\/\/www.gempeler-sigriswil.ch\/index.php?rest_route=\/wp\/v2\/pages\/41","targetHints":{"allow":["GET"]}}],"collection":[{"href":"https:\/\/www.gempeler-sigriswil.ch\/index.php?rest_route=\/wp\/v2\/pages"}],"about":[{"href":"https:\/\/www.gempeler-sigriswil.ch\/index.php?rest_route=\/wp\/v2\/types\/page"}],"author":[{"embeddable":true,"href":"https:\/\/www.gempeler-sigriswil.ch\/index.php?rest_route=\/wp\/v2\/users\/1"}],"replies":[{"embeddable":true,"href":"https:\/\/www.gempeler-sigriswil.ch\/index.php?rest_route=%2Fwp%2Fv2%2Fcomments&post=41"}],"version-history":[{"count":3,"href":"https:\/\/www.gempeler-sigriswil.ch\/index.php?rest_route=\/wp\/v2\/pages\/41\/revisions"}],"predecessor-version":[{"id":99,"href":"https:\/\/www.gempeler-sigriswil.ch\/index.php?rest_route=\/wp\/v2\/pages\/41\/revisions\/99"}],"wp:attachment":[{"href":"https:\/\/www.gempeler-sigriswil.ch\/index.php?rest_route=%2Fwp%2Fv2%2Fmedia&parent=41"}],"curies":[{"name":"wp","href":"https:\/\/api.w.org\/{rel}","templated":true}]}}