{"id":39,"date":"2014-12-13T16:16:16","date_gmt":"2014-12-13T15:16:16","guid":{"rendered":"http:\/\/web906.login-17.loginserver.ch\/wordpress\/?page_id=39"},"modified":"2015-01-10T21:09:50","modified_gmt":"2015-01-10T20:09:50","slug":"vorhaenge","status":"publish","type":"page","link":"https:\/\/www.gempeler-sigriswil.ch\/?page_id=39","title":{"rendered":"Vorh\u00e4nge"},"content":{"rendered":"<p>Vom Ausmass und Beratung bis zur fertigen Montage. Als Dekoration, Sichtschutz oder zur Verdunkelung. Wir bieten eine grosse Auswahl an <strong>Stoff<\/strong><strong>&#8211; T\u00fcll-<\/strong> und <strong>Nachtvorh\u00e4ngen<\/strong> in verschiedenen Farben und Mustern. Auch die Montage der verschiedenen Vorhangsysteme, Schienen und Stangen geh\u00f6rt in unser Fachgebiet.<img loading=\"lazy\" decoding=\"async\" class=\" wp-image-108 size-large alignnone\" src=\"http:\/\/web906.login-17.loginserver.ch\/wordpress\/wp-content\/uploads\/2015\/01\/DSC02986-1024x768.jpg\" alt=\"DSC02986\" width=\"628\" height=\"471\" data-id=\"108\" srcset=\"https:\/\/www.gempeler-sigriswil.ch\/wp-content\/uploads\/2015\/01\/DSC02986-1024x768.jpg 1024w, https:\/\/www.gempeler-sigriswil.ch\/wp-content\/uploads\/2015\/01\/DSC02986-300x225.jpg 300w, https:\/\/www.gempeler-sigriswil.ch\/wp-content\/uploads\/2015\/01\/DSC02986-956x717.jpg 956w\" sizes=\"auto, (max-width: 628px) 100vw, 628px\" \/><\/p>\n","protected":false},"excerpt":{"rendered":"<p>Vom Ausmass und Beratung bis zur fertigen Montage. Als Dekoration, Sichtschutz oder zur Verdunkelung. Wir bieten eine grosse Auswahl an Stoff&#8211; T\u00fcll- und Nachtvorh\u00e4ngen in verschiedenen Farben und Mustern. Auch die Montage der verschiedenen Vorhangsysteme, Schienen und Stangen geh\u00f6rt in&#8230;<br \/><a class=\"read-more-button\" href=\"https:\/\/www.gempeler-sigriswil.ch\/?page_id=39\">Mehr Lesen<\/a><\/p>\n","protected":false},"author":1,"featured_media":0,"parent":0,"menu_order":1,"comment_status":"closed","ping_status":"closed","template":"","meta":{"footnotes":""},"class_list":["post-39","page","type-page","status-publish","hentry"],"_links":{"self":[{"href":"https:\/\/www.gempeler-sigriswil.ch\/index.php?rest_route=\/wp\/v2\/pages\/39","targetHints":{"allow":["GET"]}}],"collection":[{"href":"https:\/\/www.gempeler-sigriswil.ch\/index.php?rest_route=\/wp\/v2\/pages"}],"about":[{"href":"https:\/\/www.gempeler-sigriswil.ch\/index.php?rest_route=\/wp\/v2\/types\/page"}],"author":[{"embeddable":true,"href":"https:\/\/www.gempeler-sigriswil.ch\/index.php?rest_route=\/wp\/v2\/users\/1"}],"replies":[{"embeddable":true,"href":"https:\/\/www.gempeler-sigriswil.ch\/index.php?rest_route=%2Fwp%2Fv2%2Fcomments&post=39"}],"version-history":[{"count":3,"href":"https:\/\/www.gempeler-sigriswil.ch\/index.php?rest_route=\/wp\/v2\/pages\/39\/revisions"}],"predecessor-version":[{"id":111,"href":"https:\/\/www.gempeler-sigriswil.ch\/index.php?rest_route=\/wp\/v2\/pages\/39\/revisions\/111"}],"wp:attachment":[{"href":"https:\/\/www.gempeler-sigriswil.ch\/index.php?rest_route=%2Fwp%2Fv2%2Fmedia&parent=39"}],"curies":[{"name":"wp","href":"https:\/\/api.w.org\/{rel}","templated":true}]}}