{"id":37,"date":"2014-12-13T17:15:58","date_gmt":"2014-12-13T15:15:58","guid":{"rendered":"http:\/\/web906.login-17.loginserver.ch\/wordpress\/?page_id=37"},"modified":"2019-12-26T14:57:10","modified_gmt":"2019-12-26T13:57:10","slug":"konventionelle-vorhaenge","status":"publish","type":"page","link":"https:\/\/www.gempeler-sigriswil.ch\/?page_id=37","title":{"rendered":"Konventionelle Vorh\u00e4nge"},"content":{"rendered":"<div class=\"panel-grid\" id=\"pg-37-0\" ><div class=\"panel-grid-cell\" id=\"pgc-37-0-0\" ><div class=\"panel widget widget_cyclone-slider-widget panel-first-child panel-last-child\" id=\"panel-37-0-0-0\"><div tabindex=\"0\" class=\"cycloneslider cycloneslider-template-standard cycloneslider-width-responsive\" id=\"cycloneslider-konventionelle-vorhaenge-1\" style=\"max-width:1012px\" > <div class=\"cycloneslider-slides cycle-slideshow\" data-cycle-allow-wrap=\"true\" data-cycle-dynamic-height=\"off\" data-cycle-auto-height=\"1012:450\" data-cycle-auto-height-easing=\"null\" data-cycle-auto-height-speed=\"250\" data-cycle-delay=\"0\" data-cycle-easing=\"\" data-cycle-fx=\"fade\" data-cycle-hide-non-active=\"true\" data-cycle-log=\"false\" data-cycle-next=\"#cycloneslider-konventionelle-vorhaenge-1 .cycloneslider-next\" data-cycle-pager=\"#cycloneslider-konventionelle-vorhaenge-1 .cycloneslider-pager\" data-cycle-pause-on-hover=\"true\" data-cycle-prev=\"#cycloneslider-konventionelle-vorhaenge-1 .cycloneslider-prev\" data-cycle-slides=\"&gt; div\" data-cycle-speed=\"1000\" data-cycle-swipe=\"1\" data-cycle-tile-count=\"7\" data-cycle-tile-delay=\"100\" data-cycle-tile-vertical=\"true\" data-cycle-timeout=\"4000\" > <div class=\"cycloneslider-slide cycloneslider-slide-image\" > <img decoding=\"async\" src=\"https:\/\/www.gempeler-sigriswil.ch\/wp-content\/uploads\/2015\/07\/Vorhaenge-4-1012x450.png\" alt=\"\" title=\"\" \/> <\/div> <div class=\"cycloneslider-slide cycloneslider-slide-image\" > <img decoding=\"async\" src=\"https:\/\/www.gempeler-sigriswil.ch\/wp-content\/uploads\/2015\/07\/Vorhaenge-3-1012x450.png\" alt=\"\" title=\"\" \/> <\/div> <div class=\"cycloneslider-slide cycloneslider-slide-image\" > <img decoding=\"async\" src=\"https:\/\/www.gempeler-sigriswil.ch\/wp-content\/uploads\/2015\/02\/Herco-Sonderegger-1012x450.jpg\" alt=\"\" title=\"\" \/> <\/div> <div class=\"cycloneslider-slide cycloneslider-slide-image\" > <img decoding=\"async\" src=\"https:\/\/www.gempeler-sigriswil.ch\/wp-content\/uploads\/2015\/01\/DSC02986-1012x450.jpg\" alt=\"\" title=\"\" \/> <\/div> <\/div> <div class=\"cycloneslider-pager\"><\/div> <a href=\"#\" class=\"cycloneslider-prev\"> <span class=\"arrow\"><\/span> <\/a> <a href=\"#\" class=\"cycloneslider-next\"> <span class=\"arrow\"><\/span> <\/a> <\/div><\/div><\/div><\/div><div class=\"panel-grid\" id=\"pg-37-1\" ><div class=\"panel-grid-cell\" id=\"pgc-37-1-0\" ><div class=\"panel widget widget_text panel-first-child panel-last-child\" id=\"panel-37-1-0-0\">\t\t\t<div class=\"textwidget\"><p>Wir fertigen Vorh\u00e4ngen nach Ihren Vorstellungen. Von der Beratung bis zur fertigen Montage von Stoff- T\u00fcll- oder Nachtvorh\u00e4ngen, als Dekoration, Sichtschutz oder zur Verdunkelung. Bei uns im Gesch\u00e4ft k\u00f6nnen Sie die f\u00fcr Sie passenden Vorhangstoffe aussuchen.<\/p><\/div>\n\t\t<\/div><\/div><\/div>","protected":false},"excerpt":{"rendered":"<p>Wir fertigen Vorh\u00e4ngen nach Ihren Vorstellungen. Von der Beratung bis zur fertigen Montage von Stoff- T\u00fcll- oder Nachtvorh\u00e4ngen, als Dekoration, Sichtschutz oder zur Verdunkelung. Bei uns im Gesch\u00e4ft k\u00f6nnen Sie die f\u00fcr Sie passenden Vorhangstoffe aussuchen.<\/p>\n","protected":false},"author":1,"featured_media":0,"parent":39,"menu_order":0,"comment_status":"closed","ping_status":"open","template":"","meta":{"footnotes":""},"class_list":["post-37","page","type-page","status-publish","hentry"],"_links":{"self":[{"href":"https:\/\/www.gempeler-sigriswil.ch\/index.php?rest_route=\/wp\/v2\/pages\/37","targetHints":{"allow":["GET"]}}],"collection":[{"href":"https:\/\/www.gempeler-sigriswil.ch\/index.php?rest_route=\/wp\/v2\/pages"}],"about":[{"href":"https:\/\/www.gempeler-sigriswil.ch\/index.php?rest_route=\/wp\/v2\/types\/page"}],"author":[{"embeddable":true,"href":"https:\/\/www.gempeler-sigriswil.ch\/index.php?rest_route=\/wp\/v2\/users\/1"}],"replies":[{"embeddable":true,"href":"https:\/\/www.gempeler-sigriswil.ch\/index.php?rest_route=%2Fwp%2Fv2%2Fcomments&post=37"}],"version-history":[{"count":5,"href":"https:\/\/www.gempeler-sigriswil.ch\/index.php?rest_route=\/wp\/v2\/pages\/37\/revisions"}],"predecessor-version":[{"id":425,"href":"https:\/\/www.gempeler-sigriswil.ch\/index.php?rest_route=\/wp\/v2\/pages\/37\/revisions\/425"}],"up":[{"embeddable":true,"href":"https:\/\/www.gempeler-sigriswil.ch\/index.php?rest_route=\/wp\/v2\/pages\/39"}],"wp:attachment":[{"href":"https:\/\/www.gempeler-sigriswil.ch\/index.php?rest_route=%2Fwp%2Fv2%2Fmedia&parent=37"}],"curies":[{"name":"wp","href":"https:\/\/api.w.org\/{rel}","templated":true}]}}