{"id":35,"date":"2014-12-13T17:15:45","date_gmt":"2014-12-13T15:15:45","guid":{"rendered":"http:\/\/web906.login-17.loginserver.ch\/wordpress\/?page_id=35"},"modified":"2019-12-26T14:56:54","modified_gmt":"2019-12-26T13:56:54","slug":"insektenschutz","status":"publish","type":"page","link":"https:\/\/www.gempeler-sigriswil.ch\/?page_id=35","title":{"rendered":"Insektenschutz"},"content":{"rendered":"<div class=\"panel-grid\" id=\"pg-35-0\" ><div class=\"panel-grid-cell\" id=\"pgc-35-0-0\" ><div class=\"panel widget widget_cyclone-slider-widget panel-first-child panel-last-child\" id=\"panel-35-0-0-0\"><div tabindex=\"0\" class=\"cycloneslider cycloneslider-template-standard cycloneslider-width-responsive\" id=\"cycloneslider-insektenschutz-1\" style=\"max-width:1012px\" > <div class=\"cycloneslider-slides cycle-slideshow\" data-cycle-allow-wrap=\"true\" data-cycle-dynamic-height=\"off\" data-cycle-auto-height=\"1012:683\" data-cycle-auto-height-easing=\"null\" data-cycle-auto-height-speed=\"250\" data-cycle-delay=\"0\" data-cycle-easing=\"\" data-cycle-fx=\"fade\" data-cycle-hide-non-active=\"true\" data-cycle-log=\"false\" data-cycle-next=\"#cycloneslider-insektenschutz-1 .cycloneslider-next\" data-cycle-pager=\"#cycloneslider-insektenschutz-1 .cycloneslider-pager\" data-cycle-pause-on-hover=\"true\" data-cycle-prev=\"#cycloneslider-insektenschutz-1 .cycloneslider-prev\" data-cycle-slides=\"&gt; div\" data-cycle-speed=\"1000\" data-cycle-swipe=\"1\" data-cycle-tile-count=\"7\" data-cycle-tile-delay=\"100\" data-cycle-tile-vertical=\"true\" data-cycle-timeout=\"4000\" > <div class=\"cycloneslider-slide cycloneslider-slide-image\" > <img decoding=\"async\" src=\"https:\/\/www.gempeler-sigriswil.ch\/wp-content\/uploads\/2015\/07\/Insektenschutz-1.png\" alt=\"\" title=\"\" \/> <\/div> <div class=\"cycloneslider-slide cycloneslider-slide-image\" > <img decoding=\"async\" src=\"https:\/\/www.gempeler-sigriswil.ch\/wp-content\/uploads\/2015\/07\/Insektenschutz-5.png\" alt=\"\" title=\"\" \/> <\/div> <div class=\"cycloneslider-slide cycloneslider-slide-image\" > <img decoding=\"async\" src=\"https:\/\/www.gempeler-sigriswil.ch\/wp-content\/uploads\/2015\/07\/Insektenschutz-2.png\" alt=\"\" title=\"\" \/> <\/div> <div class=\"cycloneslider-slide cycloneslider-slide-image\" > <img decoding=\"async\" src=\"https:\/\/www.gempeler-sigriswil.ch\/wp-content\/uploads\/2015\/07\/Insektenschutz-3.png\" alt=\"\" title=\"\" \/> <\/div> <div class=\"cycloneslider-slide cycloneslider-slide-image\" > <img decoding=\"async\" src=\"https:\/\/www.gempeler-sigriswil.ch\/wp-content\/uploads\/2015\/07\/Insektenschutz-4.png\" alt=\"\" title=\"\" \/> <\/div> <\/div> <div class=\"cycloneslider-pager\"><\/div> <a href=\"#\" class=\"cycloneslider-prev\"> <span class=\"arrow\"><\/span> <\/a> <a href=\"#\" class=\"cycloneslider-next\"> <span class=\"arrow\"><\/span> <\/a> <\/div><\/div><\/div><\/div><div class=\"panel-grid\" id=\"pg-35-1\" ><div class=\"panel-grid-cell\" id=\"pgc-35-1-0\" ><div class=\"panel widget widget_text panel-first-child\" id=\"panel-35-1-0-0\">\t\t\t<div class=\"textwidget\"><p>Wir bieten ein umfangreiches Insektenschutzsystem und f\u00fcr nahezu jeden Anspruch immer die passende L\u00f6sung. F\u00fcr den Einsatz unserer Insektenschutzsysteme spielt es dabei keine Rolle, ob die T\u00fcrrahmen aus Holz, Aluminium oder Kunststoff bestehen. Wir beraten Sie gerne vor Ort \u00fcber die vielf\u00e4ltigen M\u00f6glichkeiten und L\u00f6sungen f\u00fcr Ihren Bedarf.<\/p><\/div>\n\t\t<\/div><div class=\"panel widget widget_text panel-last-child\" id=\"panel-35-1-0-1\">\t\t\t<div class=\"textwidget\"><ul>\n\t<li><strong>Spannrahmen<\/strong><\/li>\n\t<li><strong>Drehrahmen\/ Pendelt\u00fcren<\/strong><\/li>\n\t<li><strong>Rollos<\/strong><\/li>\n\t<li><strong>Plisseet\u00fcren<\/strong><\/li>\n\t<li><strong>Schieberahmen<\/strong><\/li>\n<\/ul><\/div>\n\t\t<\/div><\/div><\/div>","protected":false},"excerpt":{"rendered":"<p>Wir bieten ein umfangreiches Insektenschutzsystem und f\u00fcr nahezu jeden Anspruch immer die passende L\u00f6sung. F\u00fcr den Einsatz unserer Insektenschutzsysteme spielt es dabei keine Rolle, ob die T\u00fcrrahmen aus Holz, Aluminium oder Kunststoff bestehen. Wir beraten Sie gerne vor Ort \u00fcber&#8230;<br \/><a class=\"read-more-button\" href=\"https:\/\/www.gempeler-sigriswil.ch\/?page_id=35\">Mehr Lesen<\/a><\/p>\n","protected":false},"author":1,"featured_media":0,"parent":39,"menu_order":0,"comment_status":"closed","ping_status":"open","template":"","meta":{"footnotes":""},"class_list":["post-35","page","type-page","status-publish","hentry"],"_links":{"self":[{"href":"https:\/\/www.gempeler-sigriswil.ch\/index.php?rest_route=\/wp\/v2\/pages\/35","targetHints":{"allow":["GET"]}}],"collection":[{"href":"https:\/\/www.gempeler-sigriswil.ch\/index.php?rest_route=\/wp\/v2\/pages"}],"about":[{"href":"https:\/\/www.gempeler-sigriswil.ch\/index.php?rest_route=\/wp\/v2\/types\/page"}],"author":[{"embeddable":true,"href":"https:\/\/www.gempeler-sigriswil.ch\/index.php?rest_route=\/wp\/v2\/users\/1"}],"replies":[{"embeddable":true,"href":"https:\/\/www.gempeler-sigriswil.ch\/index.php?rest_route=%2Fwp%2Fv2%2Fcomments&post=35"}],"version-history":[{"count":8,"href":"https:\/\/www.gempeler-sigriswil.ch\/index.php?rest_route=\/wp\/v2\/pages\/35\/revisions"}],"predecessor-version":[{"id":423,"href":"https:\/\/www.gempeler-sigriswil.ch\/index.php?rest_route=\/wp\/v2\/pages\/35\/revisions\/423"}],"up":[{"embeddable":true,"href":"https:\/\/www.gempeler-sigriswil.ch\/index.php?rest_route=\/wp\/v2\/pages\/39"}],"wp:attachment":[{"href":"https:\/\/www.gempeler-sigriswil.ch\/index.php?rest_route=%2Fwp%2Fv2%2Fmedia&parent=35"}],"curies":[{"name":"wp","href":"https:\/\/api.w.org\/{rel}","templated":true}]}}