{"id":33,"date":"2014-12-13T17:15:22","date_gmt":"2014-12-13T15:15:22","guid":{"rendered":"http:\/\/web906.login-17.loginserver.ch\/wordpress\/?page_id=33"},"modified":"2019-12-26T14:57:25","modified_gmt":"2019-12-26T13:57:25","slug":"technische-vorhaenge","status":"publish","type":"page","link":"https:\/\/www.gempeler-sigriswil.ch\/?page_id=33","title":{"rendered":"Technische Vorh\u00e4nge"},"content":{"rendered":"<div class=\"panel-grid\" id=\"pg-33-0\" ><div class=\"panel-grid-cell\" id=\"pgc-33-0-0\" ><div class=\"panel widget widget_cyclone-slider-widget panel-first-child panel-last-child\" id=\"panel-33-0-0-0\"><div tabindex=\"0\" class=\"cycloneslider cycloneslider-template-standard cycloneslider-width-responsive\" id=\"cycloneslider-technische-vorhaenge-1\" style=\"max-width:1012px\" > <div class=\"cycloneslider-slides cycle-slideshow\" data-cycle-allow-wrap=\"true\" data-cycle-dynamic-height=\"off\" data-cycle-auto-height=\"1012:683\" data-cycle-auto-height-easing=\"null\" data-cycle-auto-height-speed=\"250\" data-cycle-delay=\"0\" data-cycle-easing=\"\" data-cycle-fx=\"fade\" data-cycle-hide-non-active=\"true\" data-cycle-log=\"false\" data-cycle-next=\"#cycloneslider-technische-vorhaenge-1 .cycloneslider-next\" data-cycle-pager=\"#cycloneslider-technische-vorhaenge-1 .cycloneslider-pager\" data-cycle-pause-on-hover=\"true\" data-cycle-prev=\"#cycloneslider-technische-vorhaenge-1 .cycloneslider-prev\" data-cycle-slides=\"&gt; div\" data-cycle-speed=\"1000\" data-cycle-swipe=\"1\" data-cycle-tile-count=\"7\" data-cycle-tile-delay=\"100\" data-cycle-tile-vertical=\"true\" data-cycle-timeout=\"4000\" > <div class=\"cycloneslider-slide cycloneslider-slide-image\" > <img decoding=\"async\" src=\"https:\/\/www.gempeler-sigriswil.ch\/wp-content\/uploads\/2018\/04\/Vorh\u00e4nge_tec_7_1000x663-1012x683.jpg\" alt=\"\" title=\"\" \/> <\/div> <div class=\"cycloneslider-slide cycloneslider-slide-image\" > <img decoding=\"async\" src=\"https:\/\/www.gempeler-sigriswil.ch\/wp-content\/uploads\/2015\/02\/Plissee-Silentgliss-1012x683.png\" alt=\"\" title=\"\" \/> <\/div> <div class=\"cycloneslider-slide cycloneslider-slide-image\" > <img decoding=\"async\" src=\"https:\/\/www.gempeler-sigriswil.ch\/wp-content\/uploads\/2015\/07\/Techn-Vorhaenge-1.png\" alt=\"\" title=\"\" \/> <\/div> <div class=\"cycloneslider-slide cycloneslider-slide-image\" > <img decoding=\"async\" src=\"https:\/\/www.gempeler-sigriswil.ch\/wp-content\/uploads\/2018\/04\/Vorh\u00e4nge_tec_6_1000x663-1012x683.jpg\" alt=\"\" title=\"\" \/> <\/div> <div class=\"cycloneslider-slide cycloneslider-slide-image\" > <img decoding=\"async\" src=\"https:\/\/www.gempeler-sigriswil.ch\/wp-content\/uploads\/2015\/07\/Techn-Vorhaenge-5.png\" alt=\"\" title=\"\" \/> <\/div> <div class=\"cycloneslider-slide cycloneslider-slide-image\" > <img decoding=\"async\" src=\"https:\/\/www.gempeler-sigriswil.ch\/wp-content\/uploads\/2015\/07\/Techn-Vorhaenge-4.png\" alt=\"\" title=\"\" \/> <\/div> <div class=\"cycloneslider-slide cycloneslider-slide-image\" > <img decoding=\"async\" src=\"https:\/\/www.gempeler-sigriswil.ch\/wp-content\/uploads\/2015\/07\/Techn-Vorhaenge-3.png\" alt=\"\" title=\"\" \/> <\/div> <div class=\"cycloneslider-slide cycloneslider-slide-image\" > <img decoding=\"async\" src=\"https:\/\/www.gempeler-sigriswil.ch\/wp-content\/uploads\/2015\/07\/Techn-Vorhaenge-2.png\" alt=\"\" title=\"\" \/> <\/div> <\/div> <div class=\"cycloneslider-pager\"><\/div> <a href=\"#\" class=\"cycloneslider-prev\"> <span class=\"arrow\"><\/span> <\/a> <a href=\"#\" class=\"cycloneslider-next\"> <span class=\"arrow\"><\/span> <\/a> <\/div><\/div><\/div><\/div><div class=\"panel-grid\" id=\"pg-33-1\" ><div class=\"panel-grid-cell\" id=\"pgc-33-1-0\" ><div class=\"panel widget widget_text panel-first-child panel-last-child\" id=\"panel-33-1-0-0\">\t\t\t<div class=\"textwidget\"><p>Technische Vorh\u00e4nge erfreuen sich grosser Beliebtheit, in unserem Gesch\u00e4ft finden Sie die verschiedenen Systeme unserer Lieferanten.<\/p>\n<ul>\n\t<li><strong>Plissee<\/strong><\/li>\n\t<li><strong>Jalousien<\/strong><\/li>\n\t<li><strong>Rollos<\/strong><\/li>\n\t<li><strong>Fl\u00e4chenvorh\u00e4nge<\/strong><\/li>\n\t<li><strong>Vertikallamellen<\/strong><\/li>\n\t<li><strong>Raffsysteme<\/strong><\/li>\n\t<li><strong>Fadenvorh\u00e4nge<\/strong><\/li>\n<\/ul><\/div>\n\t\t<\/div><\/div><\/div>","protected":false},"excerpt":{"rendered":"<p>Technische Vorh\u00e4nge erfreuen sich grosser Beliebtheit, in unserem Gesch\u00e4ft finden Sie die verschiedenen Systeme unserer Lieferanten. Plissee Jalousien Rollos Fl\u00e4chenvorh\u00e4nge Vertikallamellen Raffsysteme Fadenvorh\u00e4nge<\/p>\n","protected":false},"author":1,"featured_media":0,"parent":39,"menu_order":0,"comment_status":"closed","ping_status":"open","template":"","meta":{"footnotes":""},"class_list":["post-33","page","type-page","status-publish","hentry"],"_links":{"self":[{"href":"https:\/\/www.gempeler-sigriswil.ch\/index.php?rest_route=\/wp\/v2\/pages\/33","targetHints":{"allow":["GET"]}}],"collection":[{"href":"https:\/\/www.gempeler-sigriswil.ch\/index.php?rest_route=\/wp\/v2\/pages"}],"about":[{"href":"https:\/\/www.gempeler-sigriswil.ch\/index.php?rest_route=\/wp\/v2\/types\/page"}],"author":[{"embeddable":true,"href":"https:\/\/www.gempeler-sigriswil.ch\/index.php?rest_route=\/wp\/v2\/users\/1"}],"replies":[{"embeddable":true,"href":"https:\/\/www.gempeler-sigriswil.ch\/index.php?rest_route=%2Fwp%2Fv2%2Fcomments&post=33"}],"version-history":[{"count":6,"href":"https:\/\/www.gempeler-sigriswil.ch\/index.php?rest_route=\/wp\/v2\/pages\/33\/revisions"}],"predecessor-version":[{"id":427,"href":"https:\/\/www.gempeler-sigriswil.ch\/index.php?rest_route=\/wp\/v2\/pages\/33\/revisions\/427"}],"up":[{"embeddable":true,"href":"https:\/\/www.gempeler-sigriswil.ch\/index.php?rest_route=\/wp\/v2\/pages\/39"}],"wp:attachment":[{"href":"https:\/\/www.gempeler-sigriswil.ch\/index.php?rest_route=%2Fwp%2Fv2%2Fmedia&parent=33"}],"curies":[{"name":"wp","href":"https:\/\/api.w.org\/{rel}","templated":true}]}}