{"id":31,"date":"2014-12-13T17:15:10","date_gmt":"2014-12-13T15:15:10","guid":{"rendered":"http:\/\/web906.login-17.loginserver.ch\/wordpress\/?page_id=31"},"modified":"2019-12-26T14:55:42","modified_gmt":"2019-12-26T13:55:42","slug":"senkrechtstoren","status":"publish","type":"page","link":"https:\/\/www.gempeler-sigriswil.ch\/?page_id=31","title":{"rendered":"Senkrechtstoren"},"content":{"rendered":"<div class=\"panel-grid\" id=\"pg-31-0\" ><div class=\"panel-grid-cell\" id=\"pgc-31-0-0\" ><div class=\"panel widget widget_cyclone-slider-widget panel-first-child panel-last-child\" id=\"panel-31-0-0-0\"><div tabindex=\"0\" class=\"cycloneslider cycloneslider-template-standard cycloneslider-width-responsive\" id=\"cycloneslider-senkrechtstoren-1\" style=\"max-width:1012px\" > <div class=\"cycloneslider-slides cycle-slideshow\" data-cycle-allow-wrap=\"true\" data-cycle-dynamic-height=\"off\" data-cycle-auto-height=\"1012:450\" data-cycle-auto-height-easing=\"null\" data-cycle-auto-height-speed=\"250\" data-cycle-delay=\"0\" data-cycle-easing=\"\" data-cycle-fx=\"fade\" data-cycle-hide-non-active=\"true\" data-cycle-log=\"false\" data-cycle-next=\"#cycloneslider-senkrechtstoren-1 .cycloneslider-next\" data-cycle-pager=\"#cycloneslider-senkrechtstoren-1 .cycloneslider-pager\" data-cycle-pause-on-hover=\"true\" data-cycle-prev=\"#cycloneslider-senkrechtstoren-1 .cycloneslider-prev\" data-cycle-slides=\"&gt; div\" data-cycle-speed=\"1000\" data-cycle-swipe=\"1\" data-cycle-tile-count=\"7\" data-cycle-tile-delay=\"100\" data-cycle-tile-vertical=\"true\" data-cycle-timeout=\"4000\" > <div class=\"cycloneslider-slide cycloneslider-slide-image\" > <img decoding=\"async\" src=\"https:\/\/www.gempeler-sigriswil.ch\/wp-content\/uploads\/2015\/06\/Senkrechtstore-1-1012x450.png\" alt=\"\" title=\"\" \/> <\/div> <\/div> <div class=\"cycloneslider-pager\"><\/div> <a href=\"#\" class=\"cycloneslider-prev\"> <span class=\"arrow\"><\/span> <\/a> <a href=\"#\" class=\"cycloneslider-next\"> <span class=\"arrow\"><\/span> <\/a> <\/div><\/div><\/div><\/div><div class=\"panel-grid\" id=\"pg-31-1\" ><div class=\"panel-grid-cell\" id=\"pgc-31-1-0\" ><div class=\"panel widget widget_text panel-first-child panel-last-child\" id=\"panel-31-1-0-0\">\t\t\t<div class=\"textwidget\"><p>Textile Senkrechtbeschattungen tragen einen wesentlichen Anteil zur Verminderung des Geb\u00e4udeenergieverbrauches bei. Fassadenbeschattungen werden auch als gestalterisches Element am Geb\u00e4ude eingesetzt. Inspiration bietet die riesige Farbauswahl und die vielf\u00e4ltigen M\u00f6glichkeiten der technischen Hochleistungsstoffe.<\/p><\/div>\n\t\t<\/div><\/div><\/div>","protected":false},"excerpt":{"rendered":"<p>Textile Senkrechtbeschattungen tragen einen wesentlichen Anteil zur Verminderung des Geb\u00e4udeenergieverbrauches bei. Fassadenbeschattungen werden auch als gestalterisches Element am Geb\u00e4ude eingesetzt. Inspiration bietet die riesige Farbauswahl und die vielf\u00e4ltigen M\u00f6glichkeiten der technischen Hochleistungsstoffe.<\/p>\n","protected":false},"author":1,"featured_media":0,"parent":23,"menu_order":0,"comment_status":"closed","ping_status":"open","template":"","meta":{"footnotes":""},"class_list":["post-31","page","type-page","status-publish","hentry"],"_links":{"self":[{"href":"https:\/\/www.gempeler-sigriswil.ch\/index.php?rest_route=\/wp\/v2\/pages\/31","targetHints":{"allow":["GET"]}}],"collection":[{"href":"https:\/\/www.gempeler-sigriswil.ch\/index.php?rest_route=\/wp\/v2\/pages"}],"about":[{"href":"https:\/\/www.gempeler-sigriswil.ch\/index.php?rest_route=\/wp\/v2\/types\/page"}],"author":[{"embeddable":true,"href":"https:\/\/www.gempeler-sigriswil.ch\/index.php?rest_route=\/wp\/v2\/users\/1"}],"replies":[{"embeddable":true,"href":"https:\/\/www.gempeler-sigriswil.ch\/index.php?rest_route=%2Fwp%2Fv2%2Fcomments&post=31"}],"version-history":[{"count":5,"href":"https:\/\/www.gempeler-sigriswil.ch\/index.php?rest_route=\/wp\/v2\/pages\/31\/revisions"}],"predecessor-version":[{"id":419,"href":"https:\/\/www.gempeler-sigriswil.ch\/index.php?rest_route=\/wp\/v2\/pages\/31\/revisions\/419"}],"up":[{"embeddable":true,"href":"https:\/\/www.gempeler-sigriswil.ch\/index.php?rest_route=\/wp\/v2\/pages\/23"}],"wp:attachment":[{"href":"https:\/\/www.gempeler-sigriswil.ch\/index.php?rest_route=%2Fwp%2Fv2%2Fmedia&parent=31"}],"curies":[{"name":"wp","href":"https:\/\/api.w.org\/{rel}","templated":true}]}}