{"id":25,"date":"2014-12-13T17:14:12","date_gmt":"2014-12-13T15:14:12","guid":{"rendered":"http:\/\/web906.login-17.loginserver.ch\/wordpress\/?page_id=25"},"modified":"2019-12-26T14:55:58","modified_gmt":"2019-12-26T13:55:58","slug":"sonnenstore","status":"publish","type":"page","link":"https:\/\/www.gempeler-sigriswil.ch\/?page_id=25","title":{"rendered":"Sonnenstore"},"content":{"rendered":"<div class=\"panel-grid\" id=\"pg-25-0\" ><div class=\"panel-grid-cell\" id=\"pgc-25-0-0\" ><div class=\"panel widget widget_cyclone-slider-widget panel-first-child panel-last-child\" id=\"panel-25-0-0-0\"><div tabindex=\"0\" class=\"cycloneslider cycloneslider-template-standard cycloneslider-width-responsive\" id=\"cycloneslider-sonnenstoren-1\" style=\"max-width:1012px\" > <div class=\"cycloneslider-slides cycle-slideshow\" data-cycle-allow-wrap=\"true\" data-cycle-dynamic-height=\"off\" data-cycle-auto-height=\"1012:450\" data-cycle-auto-height-easing=\"null\" data-cycle-auto-height-speed=\"250\" data-cycle-delay=\"0\" data-cycle-easing=\"\" data-cycle-fx=\"fade\" data-cycle-hide-non-active=\"true\" data-cycle-log=\"false\" data-cycle-next=\"#cycloneslider-sonnenstoren-1 .cycloneslider-next\" data-cycle-pager=\"#cycloneslider-sonnenstoren-1 .cycloneslider-pager\" data-cycle-pause-on-hover=\"true\" data-cycle-prev=\"#cycloneslider-sonnenstoren-1 .cycloneslider-prev\" data-cycle-slides=\"&gt; div\" data-cycle-speed=\"1000\" data-cycle-swipe=\"1\" data-cycle-tile-count=\"7\" data-cycle-tile-delay=\"100\" data-cycle-tile-vertical=\"true\" data-cycle-timeout=\"4000\" > <div class=\"cycloneslider-slide cycloneslider-slide-image\" > <img decoding=\"async\" src=\"https:\/\/www.gempeler-sigriswil.ch\/wp-content\/uploads\/2015\/06\/Sonnenstore-4-1012x450.png\" alt=\"\" title=\"\" \/> <\/div> <div class=\"cycloneslider-slide cycloneslider-slide-image\" > <img decoding=\"async\" src=\"https:\/\/www.gempeler-sigriswil.ch\/wp-content\/uploads\/2015\/06\/Sonnenstore-1-1012x450.png\" alt=\"\" title=\"\" \/> <\/div> <div class=\"cycloneslider-slide cycloneslider-slide-image\" > <img decoding=\"async\" src=\"https:\/\/www.gempeler-sigriswil.ch\/wp-content\/uploads\/2015\/06\/Sonnenstore-2-1012x450.png\" alt=\"\" title=\"\" \/> <\/div> <div class=\"cycloneslider-slide cycloneslider-slide-image\" > <img decoding=\"async\" src=\"https:\/\/www.gempeler-sigriswil.ch\/wp-content\/uploads\/2015\/06\/Sonnenstore-3-1012x450.png\" alt=\"\" title=\"\" \/> <\/div> <div class=\"cycloneslider-slide cycloneslider-slide-image\" > <img decoding=\"async\" src=\"https:\/\/www.gempeler-sigriswil.ch\/wp-content\/uploads\/2018\/04\/stobag_1_1000x438px-1012x450.jpg\" alt=\"\" title=\"\" \/> <\/div> <\/div> <div class=\"cycloneslider-pager\"><\/div> <a href=\"#\" class=\"cycloneslider-prev\"> <span class=\"arrow\"><\/span> <\/a> <a href=\"#\" class=\"cycloneslider-next\"> <span class=\"arrow\"><\/span> <\/a> <\/div><\/div><\/div><\/div><div class=\"panel-grid\" id=\"pg-25-1\" ><div class=\"panel-grid-cell\" id=\"pgc-25-1-0\" ><div class=\"panel widget widget_text panel-first-child panel-last-child\" id=\"panel-25-1-0-0\">\t\t\t<div class=\"textwidget\"><p>Richten Sie Ihren Balkon sch\u00f6n und gem\u00fctlich ein. Nat\u00fcrlich geh\u00f6rt auch die passende Balkonmarkise dazu. Sie muss, im Gegensatz zu einem Sonnenschirm, nicht erst m\u00fchsam aufgestellt werden. Im Gegenteil, sie ist im Nu einsatzbereit und spendet k\u00fchlen Schatten nach Mass. Als positiver Nebeneffekt dient sie gleichzeitig auch als Sichtschutz und sorgt damit f\u00fcr die n\u00f6tige Privatsph\u00e4re.<\/p>\n<ul>\n\t<li><strong>Sonnenschutzsysteme f\u00fcr kleine und grosse Terrassen, Balkone und freistehende Pl\u00e4tze<\/strong><\/li>\n\t<li><strong>Lange Lebensdauer und Witterungsbest\u00e4ndigkeit<\/strong><\/li>\n\t<li><strong>vielseitige Tuchkollektion<\/strong><\/li>\n\t<li><strong>Tuchaustausch jederzeit m\u00f6glich<\/strong><\/li>\n<\/ul><\/div>\n\t\t<\/div><\/div><\/div>","protected":false},"excerpt":{"rendered":"<p>Richten Sie Ihren Balkon sch\u00f6n und gem\u00fctlich ein. Nat\u00fcrlich geh\u00f6rt auch die passende Balkonmarkise dazu. Sie muss, im Gegensatz zu einem Sonnenschirm, nicht erst m\u00fchsam aufgestellt werden. Im Gegenteil, sie ist im Nu einsatzbereit und spendet k\u00fchlen Schatten nach Mass&#8230;.<br \/><a class=\"read-more-button\" href=\"https:\/\/www.gempeler-sigriswil.ch\/?page_id=25\">Mehr Lesen<\/a><\/p>\n","protected":false},"author":1,"featured_media":0,"parent":23,"menu_order":0,"comment_status":"closed","ping_status":"open","template":"","meta":{"footnotes":""},"class_list":["post-25","page","type-page","status-publish","hentry"],"_links":{"self":[{"href":"https:\/\/www.gempeler-sigriswil.ch\/index.php?rest_route=\/wp\/v2\/pages\/25","targetHints":{"allow":["GET"]}}],"collection":[{"href":"https:\/\/www.gempeler-sigriswil.ch\/index.php?rest_route=\/wp\/v2\/pages"}],"about":[{"href":"https:\/\/www.gempeler-sigriswil.ch\/index.php?rest_route=\/wp\/v2\/types\/page"}],"author":[{"embeddable":true,"href":"https:\/\/www.gempeler-sigriswil.ch\/index.php?rest_route=\/wp\/v2\/users\/1"}],"replies":[{"embeddable":true,"href":"https:\/\/www.gempeler-sigriswil.ch\/index.php?rest_route=%2Fwp%2Fv2%2Fcomments&post=25"}],"version-history":[{"count":6,"href":"https:\/\/www.gempeler-sigriswil.ch\/index.php?rest_route=\/wp\/v2\/pages\/25\/revisions"}],"predecessor-version":[{"id":421,"href":"https:\/\/www.gempeler-sigriswil.ch\/index.php?rest_route=\/wp\/v2\/pages\/25\/revisions\/421"}],"up":[{"embeddable":true,"href":"https:\/\/www.gempeler-sigriswil.ch\/index.php?rest_route=\/wp\/v2\/pages\/23"}],"wp:attachment":[{"href":"https:\/\/www.gempeler-sigriswil.ch\/index.php?rest_route=%2Fwp%2Fv2%2Fmedia&parent=25"}],"curies":[{"name":"wp","href":"https:\/\/api.w.org\/{rel}","templated":true}]}}