{"id":21,"date":"2014-12-13T16:13:36","date_gmt":"2014-12-13T15:13:36","guid":{"rendered":"http:\/\/web906.login-17.loginserver.ch\/wordpress\/?page_id=21"},"modified":"2019-12-26T14:53:22","modified_gmt":"2019-12-26T13:53:22","slug":"polsteratelier","status":"publish","type":"page","link":"https:\/\/www.gempeler-sigriswil.ch\/?page_id=21","title":{"rendered":"Polsteratelier"},"content":{"rendered":"<div class=\"panel-grid\" id=\"pg-21-0\" ><div class=\"panel-grid-cell\" id=\"pgc-21-0-0\" ><div class=\"panel widget widget_cyclone-slider-widget panel-first-child panel-last-child\" id=\"panel-21-0-0-0\"><div tabindex=\"0\" class=\"cycloneslider cycloneslider-template-standard cycloneslider-width-responsive\" id=\"cycloneslider-polsterei-1\" style=\"max-width:1012px\" > <div class=\"cycloneslider-slides cycle-slideshow\" data-cycle-allow-wrap=\"true\" data-cycle-dynamic-height=\"off\" data-cycle-auto-height=\"1012:450\" data-cycle-auto-height-easing=\"null\" data-cycle-auto-height-speed=\"250\" data-cycle-delay=\"0\" data-cycle-easing=\"\" data-cycle-fx=\"fade\" data-cycle-hide-non-active=\"true\" data-cycle-log=\"false\" data-cycle-next=\"#cycloneslider-polsterei-1 .cycloneslider-next\" data-cycle-pager=\"#cycloneslider-polsterei-1 .cycloneslider-pager\" data-cycle-pause-on-hover=\"true\" data-cycle-prev=\"#cycloneslider-polsterei-1 .cycloneslider-prev\" data-cycle-slides=\"&gt; div\" data-cycle-speed=\"1000\" data-cycle-swipe=\"1\" data-cycle-tile-count=\"7\" data-cycle-tile-delay=\"100\" data-cycle-tile-vertical=\"true\" data-cycle-timeout=\"4000\" > <div class=\"cycloneslider-slide cycloneslider-slide-image\" > <img decoding=\"async\" src=\"https:\/\/www.gempeler-sigriswil.ch\/wp-content\/uploads\/2020\/04\/2020-12-1012x450.jpg\" alt=\"\" title=\"\" \/> <\/div> <div class=\"cycloneslider-slide cycloneslider-slide-image\" > <img decoding=\"async\" src=\"https:\/\/www.gempeler-sigriswil.ch\/wp-content\/uploads\/2020\/04\/2020-10-1-1012x450.jpg\" alt=\"\" title=\"\" \/> <\/div> <div class=\"cycloneslider-slide cycloneslider-slide-image\" > <img decoding=\"async\" src=\"https:\/\/www.gempeler-sigriswil.ch\/wp-content\/uploads\/2018\/04\/Polsterei_1000x438px-1012x450.jpg\" alt=\"\" title=\"\" \/> <\/div> <div class=\"cycloneslider-slide cycloneslider-slide-image\" > <img decoding=\"async\" src=\"https:\/\/www.gempeler-sigriswil.ch\/wp-content\/uploads\/2020\/04\/2020-11-1012x450.jpg\" alt=\"\" title=\"\" \/> <\/div> <div class=\"cycloneslider-slide cycloneslider-slide-image\" > <img decoding=\"async\" src=\"https:\/\/www.gempeler-sigriswil.ch\/wp-content\/uploads\/2015\/07\/Polsterei_4-1012x450.png\" alt=\"\" title=\"\" \/> <\/div> <div class=\"cycloneslider-slide cycloneslider-slide-image\" > <img decoding=\"async\" src=\"https:\/\/www.gempeler-sigriswil.ch\/wp-content\/uploads\/2015\/06\/Polsterei-2-1012x450.png\" alt=\"\" title=\"\" \/> <\/div> <\/div> <div class=\"cycloneslider-pager\"><\/div> <a href=\"#\" class=\"cycloneslider-prev\"> <span class=\"arrow\"><\/span> <\/a> <a href=\"#\" class=\"cycloneslider-next\"> <span class=\"arrow\"><\/span> <\/a> <\/div><\/div><\/div><\/div><div class=\"panel-grid\" id=\"pg-21-1\" ><div class=\"panel-grid-cell\" id=\"pgc-21-1-0\" ><div class=\"panel widget widget_text panel-first-child panel-last-child\" id=\"panel-21-1-0-0\">\t\t\t<div class=\"textwidget\"><p>In unserem Atelier werden alte sowie neue Polsterm\u00f6bel mit viel Sorgfalt und handwerklichem K\u00f6nnen wieder hergerichtet. Wir beherrschen das moderne Polsterhandwerk mit Schaumstoff genauso wie das konventionelle Handwerk mit M\u00f6belfedern und Rosshaar. Auch Bezugsarbeiten mit einem neuen modernen Stoff auf das bestehende Polster f\u00fchren wir f\u00fcr Sie gerne aus. Ob das Erinnerungsst\u00fcck von der Grossmutter oder der abgenutzte Esszimmerstuhl, lassen sie sich bei uns oder bei Ihnen zu Hause fachm\u00e4nnisch und kostenlos beraten.<\/p>\n\n<p>Unser Angebot:<\/p>\n<ul>\n\t<li><strong>Konventionelle Polsterarbeiten<\/strong><\/li>\n\t<li><strong>Moderne Schaumstoffpolster<\/strong><\/li>\n\t<li><strong>Bezugsarbeiten<\/strong><\/li>\n\t<li><strong>Stuhl- und Bankkissen<\/strong><\/li>\n\t<li><strong>N\u00e4harbeiten<\/strong><\/li>\n<\/ul><\/div>\n\t\t<\/div><\/div><\/div>","protected":false},"excerpt":{"rendered":"<p>In unserem Atelier werden alte sowie neue Polsterm\u00f6bel mit viel Sorgfalt und handwerklichem K\u00f6nnen wieder hergerichtet. Wir beherrschen das moderne Polsterhandwerk mit Schaumstoff genauso wie das konventionelle Handwerk mit M\u00f6belfedern und Rosshaar. Auch Bezugsarbeiten mit einem neuen modernen Stoff auf&#8230;<br \/><a class=\"read-more-button\" href=\"https:\/\/www.gempeler-sigriswil.ch\/?page_id=21\">Mehr Lesen<\/a><\/p>\n","protected":false},"author":1,"featured_media":0,"parent":0,"menu_order":1,"comment_status":"closed","ping_status":"closed","template":"","meta":{"footnotes":""},"class_list":["post-21","page","type-page","status-publish","hentry"],"_links":{"self":[{"href":"https:\/\/www.gempeler-sigriswil.ch\/index.php?rest_route=\/wp\/v2\/pages\/21","targetHints":{"allow":["GET"]}}],"collection":[{"href":"https:\/\/www.gempeler-sigriswil.ch\/index.php?rest_route=\/wp\/v2\/pages"}],"about":[{"href":"https:\/\/www.gempeler-sigriswil.ch\/index.php?rest_route=\/wp\/v2\/types\/page"}],"author":[{"embeddable":true,"href":"https:\/\/www.gempeler-sigriswil.ch\/index.php?rest_route=\/wp\/v2\/users\/1"}],"replies":[{"embeddable":true,"href":"https:\/\/www.gempeler-sigriswil.ch\/index.php?rest_route=%2Fwp%2Fv2%2Fcomments&post=21"}],"version-history":[{"count":8,"href":"https:\/\/www.gempeler-sigriswil.ch\/index.php?rest_route=\/wp\/v2\/pages\/21\/revisions"}],"predecessor-version":[{"id":411,"href":"https:\/\/www.gempeler-sigriswil.ch\/index.php?rest_route=\/wp\/v2\/pages\/21\/revisions\/411"}],"wp:attachment":[{"href":"https:\/\/www.gempeler-sigriswil.ch\/index.php?rest_route=%2Fwp%2Fv2%2Fmedia&parent=21"}],"curies":[{"name":"wp","href":"https:\/\/api.w.org\/{rel}","templated":true}]}}